{"id":493,"date":"2023-05-01T14:49:18","date_gmt":"2023-05-01T14:49:18","guid":{"rendered":"https:\/\/inosca.ch\/home-3\/"},"modified":"2025-01-13T10:46:06","modified_gmt":"2025-01-13T10:46:06","slug":"home-3","status":"publish","type":"page","link":"https:\/\/inosca.ch\/fr\/","title":{"rendered":"Home"},"content":{"rendered":"\n<h1>\n\t\tinosca\n\t<\/h1>\n\t<p>Communaut\u00e9 de d\u00e9veloppement intercantonale pour les processus d&#8217;autorisation \u00e9lectronique<\/p>\n\t\t\t<a href=\"https:\/\/github.com\/inosca\/ebau\" target=\"_blank\" role=\"button\" rel=\"noopener nofollow\">\n\t\t\t\t\t\t\tGitHub\n\t\t\t\t\t<\/a>\n\t\t\t<a href=\"#contact\" target=\"_self\" role=\"button\" rel=\"noopener\">\n\t\t\t\t\t\t\tContact\n\t\t\t\t\t<\/a>\n<h2>\n\t\tQu&#8217;est-ce que inosca ?\n\t<\/h2>\n\t<p>inosca (in= innovation, os= open source, ca= canton) est l&#8217;association des cantons d&#8217;Uri, de Schwyz, de Soleure, de Berne, des Grisons et d&#8217;Argovie. Nous poursuivons ensemble l&#8217;objectif de standardiser les processus d&#8217;autorisation \u00e9lectronique au niveau intercantonal par le biais d&#8217;innovations utilisant des technologies Open Source. Dans les cantons membres, les proc\u00e9dures de demande de permis de construire sont trait\u00e9es avec succ\u00e8s gr\u00e2ce au logiciel d\u00e9velopp\u00e9.<\/p>\n<p>inosca peut \u00eatre utilis\u00e9 pour diff\u00e9rents types de proc\u00e9dures d&#8217;autorisationet \u00e9galement comme syst\u00e8me de gestion de processus internes. Le code source d&#8217;inosca est publi\u00e9 sur <a href=\"https:\/\/github.com\/inosca\/ebau\" target=\"_blank\" rel=\"noopener\">GitHub<\/a>.<\/p>\n\n\t\t\t<a href=\"#contact\" target=\"_self\" role=\"button\" rel=\"noopener\">\n\t\t\t\t\t\t\tDevenir membre d&#8217;inosca\n\t\t\t\t\t<\/a>\n\t<iframe loading=\"lazy\" width=\"560\" height=\"315\" src=\"https:\/\/www.youtube.com\/embed\/tGymsDDQXZg\" title=\"YouTube video player\" frameborder=\"0\" allow=\"accelerometer; autoplay; clipboard-write; encrypted-media; gyroscope; picture-in-picture\" allowfullscreen><\/iframe>\n<h2>\n\t\tFonctionnalit\u00e9s\n\t<\/h2>\n\t\t<h3>Portail en ligne<\/h3>\t\t\n\t\t\t<p>Sur le portail, les constructeurs et urbanistes peuvent trouver les formulaires n\u00e9cessaires pour divers proc\u00e9dures et les soumettre directement \u00e0 la municipalit\u00e9 responsable. Le portail peut \u00eatre parfaitemetn int\u00e9gr\u00e9 dans l&#8217;infrastructure cantonale, de sorte que les utilisateurs ne doivent se connecter qu&#8217;une seule fois. Ce portail est une application \u00e0 page unique qui offre une excellent exp\u00e9rience aux utilisateurs en mati\u00e8re de UI et UX.<\/p>\n\t\t\t\t\n\t\t\t\t<a href=\"https:\/\/inosca.ch\/wp-content\/uploads\/sites\/15\/2022\/11\/Screenshot-from-2021-06-01-10-42-04.png\" target=\"_self\" itemprop=\"url\" rel=\"noopener\">\n\t\t\t\t<img loading=\"lazy\" decoding=\"async\" src=\"https:\/\/inosca.ch\/wp-content\/uploads\/sites\/15\/2022\/11\/Screenshot-from-2021-06-01-10-42-04.png\" alt=\"Screenshot-from-2021-06-01-10-42-04\" itemprop=\"image\" height=\"1077\" width=\"1587\" title=\"Screenshot-from-2021-06-01-10-42-04\" onerror=\"this.style.display='none'\"  \/>\n\t\t\t\t<\/a>\n\t\t<h3>Formulaires dynamiques<\/h3>\t\t\n\t\t\t<p>Les formulaires r\u00e9agissent de mani\u00e8re dynamique aux entr\u00e9es de l&#8217;utilisateur, de sorte que certaines questions et des sections enti\u00e8res ne doivent \u00eatre remplies que lorsqu&#8217;elles sont r\u00e9ellement n\u00e9cessaires. Les entr\u00e9es sont sauvegard\u00e9es en direct et valid\u00e9es imm\u00e9diatement apr\u00e8s leur saisie, ce qui permet d&#8217;am\u00e9liorer la qualit\u00e9 des demandes et donc de r\u00e9duire l&#8217;effort de traitement de la part des autorit\u00e9s.<\/p>\n\t\t\t\t\n\t\t\t\t<a href=\"https:\/\/inosca.ch\/wp-content\/uploads\/sites\/15\/2022\/11\/Screenshot-from-2021-06-01-10-43-30.png\" target=\"_self\" itemprop=\"url\" rel=\"noopener\">\n\t\t\t\t<img loading=\"lazy\" decoding=\"async\" src=\"https:\/\/inosca.ch\/wp-content\/uploads\/sites\/15\/2022\/11\/Screenshot-from-2021-06-01-10-43-30.png\" alt=\"Screenshot-from-2021-06-01-10-43-30\" itemprop=\"image\" height=\"1204\" width=\"1589\" title=\"Screenshot-from-2021-06-01-10-43-30\" onerror=\"this.style.display='none'\"  \/>\n\t\t\t\t<\/a>\n\t\t<h3>Dossier de demande de permis de construire<\/h3>\t\t\n\t\t\t<p>Du c\u00f4t\u00e9 des autorit\u00e9s, des fonctions compl\u00e8tes d&#8217;examen, de coordination et de suivi des demandes sont \u00e0 la disposition des administrateurs :<\/p>\n<ul> \t\n<li>Gestion des documents<\/li>\n\n<li>Mod\u00e8les de lettres<\/li>\n\n<li>Circulation de dossiers<\/li>\n\n<li>Publication<\/li>\n\n<li>Frais de dossier<\/li>\n\n<li>Objections<\/li>\n\n<li>Demandes suppl\u00e9mentaires<\/li>\n<\/ul>\n<p>inosca permet \u00e9galement de faire le lien avec d&#8217;autres autorit\u00e9s comme par exemple :<\/p>\n<ul> \t\n<li>Registre f\u00e9d\u00e9ral des b\u00e2timents et des logements (RegBL) via eCH-0216<\/li>\n\n<li>Logiciel des municipalit\u00e9s via eCH-0211<\/li>\n\n<li>Syst\u00e8mes cantonaux d&#8217;information g\u00e9oinformation (GIS) via WMS et WFS<\/li>\n<\/ul>\n<p>&nbsp;<\/p>\n\t\t\t\t\n\t\t\t\t<a href=\"https:\/\/inosca.ch\/wp-content\/uploads\/sites\/15\/2022\/11\/Screenshot-from-2021-06-02-12-07-27.png\" target=\"_self\" itemprop=\"url\" rel=\"noopener\">\n\t\t\t\t<img loading=\"lazy\" decoding=\"async\" src=\"https:\/\/inosca.ch\/wp-content\/uploads\/sites\/15\/2022\/11\/Screenshot-from-2021-06-02-12-07-27.png\" alt=\"Screenshot-from-2021-06-02-12-07-27\" itemprop=\"image\" height=\"1004\" width=\"1505\" title=\"Screenshot-from-2021-06-02-12-07-27\" onerror=\"this.style.display='none'\"  \/>\n\t\t\t\t<\/a>\n<h2>\n\t\tNos valeurs\n\t<\/h2>\n<h3>\n\t\tOuverture et coop\u00e9ration\n\t<\/h3>\n\t<p>Collaboration entre les cantons pour un objectif commun<\/p>\n<h3>\n\t\tLogiciels Open Source\n\t<\/h3>\n\t<p>P\u00e9rennit\u00e9 des logiciels gr\u00e2ce \u00e0 l&#8217;ind\u00e9pendance vis \u00e0 vis des d\u00e9veloppeurs et une coop\u00e9ration renforc\u00e9e<\/p>\n<h3>\n\t\tInnovation\n\t<\/h3>\n\t<p>Unir les forces et les ressources pour un logiciel unique<\/p>\n<h2>\n\t\tLa vision\n\t<\/h2>\n\t<p>Communaut\u00e9 de d\u00e9veloppement intercantonale pour les processus d&#8217;autorisation \u00e9lectronique<\/p>\n\t\t\t<a href=\"#contact\" target=\"_self\" role=\"button\" rel=\"noopener\">\n\t\t\t\t\t\t\tDevenir membre d&#8217;inosca\n\t\t\t\t\t<\/a>\n<h2>\n\t\tObjectifs et potentiel\n\t<\/h2>\n<h2>\n\t\t1\n\t<\/h2>\n\t<p>A long terme, l&#8217;objectif est de disposer d&#8217;une base technique uniforme pour tous les projets de la communaut\u00e9 inosca. Cela permettra d&#8217;exploiter les synergies, ce qui aura \u00e9galement un impact positif sur les projets en termes financiers.<\/p>\n<h2>\n\t\t2\n\t<\/h2>\n\t<p>Gr\u00e2ce \u00e0 l&#8217;utilisation de technologies open source librement accessibles \u00e0 tout prestataire de services, les autorit\u00e9 auront \u00e0 l&#8217;avenir la possibilit\u00e9 de consid\u00e9rer divers prestataires de services au sein de la communaut\u00e9 inosca.<\/p>\n<h2>\n\t\t3\n\t<\/h2>\n\t<p>Les membres d&#8217;inosca participent \u00e0 la diffusion des informations au sein de sa communaut\u00e9 et souhaite partager cette strat\u00e9gie avec d&#8217;autres cantons int\u00e9ress\u00e9s. Ils s&#8217;engagent \u00e0 renforcer la communaut\u00e9 inosca et sa philosophie, dans leur propre int\u00e9r\u00eat et dans celui de tous les cantons participants en d\u00e9veloppant des liens avec d&#8217;autres partenaires.<\/p>\n<h2>\n\t\t4\n\t<\/h2>\n\t<p>Les cantons qui s&#8217;int\u00e9ressent \u00e0 la collaboration avec inosca et qui veulent s&#8217;attaquer \u00e0 un projet similaire peuvent b\u00e9n\u00e9ficier de l&#8217;exp\u00e9rience de la communaut\u00e9 et commencer avec des composants logiciels de pointe.<\/p>\n\t\t\t\t<img loading=\"lazy\" decoding=\"async\" src=\"https:\/\/inosca.ch\/wp-content\/uploads\/sites\/15\/2023\/01\/SwissMap_Orange_small-1.png\" alt=\"SwissMap_Orange_small\" itemprop=\"image\" height=\"398\" width=\"600\" title=\"SwissMap_Orange_small\" onerror=\"this.style.display='none'\"  \/>\n<h2>\n\t\tDevenir membre d&#8217;inosca\n\t<\/h2>\n\n","protected":false},"excerpt":{"rendered":"<p>inosca Communaut\u00e9 de d\u00e9veloppement intercantonale pour les processus d&#8217;autorisation \u00e9lectronique GitHub Contact Qu&#8217;est-ce que inosca ? inosca (in= innovation, os= open source, ca= canton) est l&#8217;association des cantons d&#8217;Uri, de Schwyz, de Soleure, de Berne, des Grisons et d&#8217;Argovie. Nous poursuivons ensemble l&#8217;objectif de standardiser les processus d&#8217;autorisation \u00e9lectronique au niveau intercantonal par le biais&hellip;<\/p>\n","protected":false},"author":31,"featured_media":0,"parent":0,"menu_order":0,"comment_status":"closed","ping_status":"closed","template":"","meta":{"footnotes":""},"yoast_head":"<!-- This site is optimized with the Yoast SEO plugin v22.9 - https:\/\/yoast.com\/wordpress\/plugins\/seo\/ -->\n<title>Home - Inosca<\/title>\n<meta name=\"robots\" content=\"index, follow, max-snippet:-1, max-image-preview:large, max-video-preview:-1\" \/>\n<link rel=\"canonical\" href=\"https:\/\/inosca.ch\/fr\/\" \/>\n<meta property=\"og:locale\" content=\"fr_FR\" \/>\n<meta property=\"og:type\" content=\"article\" \/>\n<meta property=\"og:title\" content=\"Home - Inosca\" \/>\n<meta property=\"og:description\" content=\"inosca Communaut\u00e9 de d\u00e9veloppement intercantonale pour les processus d&#8217;autorisation \u00e9lectronique GitHub Contact Qu&#8217;est-ce que inosca ? inosca (in= innovation, os= open source, ca= canton) est l&#8217;association des cantons d&#8217;Uri, de Schwyz, de Soleure, de Berne, des Grisons et d&#8217;Argovie. Nous poursuivons ensemble l&#8217;objectif de standardiser les processus d&#8217;autorisation \u00e9lectronique au niveau intercantonal par le biais&hellip;\" \/>\n<meta property=\"og:url\" content=\"https:\/\/inosca.ch\/fr\/\" \/>\n<meta property=\"og:site_name\" content=\"Inosca\" \/>\n<meta property=\"article:modified_time\" content=\"2025-01-13T10:46:06+00:00\" \/>\n<meta property=\"og:image\" content=\"https:\/\/inosca.ch\/wp-content\/uploads\/sites\/15\/2022\/11\/Screenshot-from-2021-06-01-10-42-04.png\" \/>\n<meta name=\"twitter:card\" content=\"summary_large_image\" \/>\n<script type=\"application\/ld+json\" class=\"yoast-schema-graph\">{\"@context\":\"https:\/\/schema.org\",\"@graph\":[{\"@type\":\"WebPage\",\"@id\":\"https:\/\/inosca.ch\/fr\/\",\"url\":\"https:\/\/inosca.ch\/fr\/\",\"name\":\"Home - Inosca\",\"isPartOf\":{\"@id\":\"https:\/\/inosca.ch\/#website\"},\"primaryImageOfPage\":{\"@id\":\"https:\/\/inosca.ch\/fr\/#primaryimage\"},\"image\":{\"@id\":\"https:\/\/inosca.ch\/fr\/#primaryimage\"},\"thumbnailUrl\":\"https:\/\/inosca.ch\/wp-content\/uploads\/sites\/15\/2022\/11\/Screenshot-from-2021-06-01-10-42-04.png\",\"datePublished\":\"2023-05-01T14:49:18+00:00\",\"dateModified\":\"2025-01-13T10:46:06+00:00\",\"breadcrumb\":{\"@id\":\"https:\/\/inosca.ch\/fr\/#breadcrumb\"},\"inLanguage\":\"fr-FR\",\"potentialAction\":[{\"@type\":\"ReadAction\",\"target\":[\"https:\/\/inosca.ch\/fr\/\"]}]},{\"@type\":\"ImageObject\",\"inLanguage\":\"fr-FR\",\"@id\":\"https:\/\/inosca.ch\/fr\/#primaryimage\",\"url\":\"https:\/\/inosca.ch\/wp-content\/uploads\/sites\/15\/2022\/11\/Screenshot-from-2021-06-01-10-42-04.png\",\"contentUrl\":\"https:\/\/inosca.ch\/wp-content\/uploads\/sites\/15\/2022\/11\/Screenshot-from-2021-06-01-10-42-04.png\"},{\"@type\":\"BreadcrumbList\",\"@id\":\"https:\/\/inosca.ch\/fr\/#breadcrumb\",\"itemListElement\":[{\"@type\":\"ListItem\",\"position\":1,\"name\":\"Home\",\"item\":\"https:\/\/inosca.ch\/fr\/\"},{\"@type\":\"ListItem\",\"position\":2,\"name\":\"Home\"}]},{\"@type\":\"WebSite\",\"@id\":\"https:\/\/inosca.ch\/#website\",\"url\":\"https:\/\/inosca.ch\/\",\"name\":\"Inosca\",\"description\":\"Interkantonale Entwicklungsgemeinschaft f\u00fcr elekronische Bewilligungsprozesse.\",\"potentialAction\":[{\"@type\":\"SearchAction\",\"target\":{\"@type\":\"EntryPoint\",\"urlTemplate\":\"https:\/\/inosca.ch\/?s={search_term_string}\"},\"query-input\":\"required name=search_term_string\"}],\"inLanguage\":\"fr-FR\"}]}<\/script>\n<!-- \/ Yoast SEO plugin. -->","yoast_head_json":{"title":"Home - Inosca","robots":{"index":"index","follow":"follow","max-snippet":"max-snippet:-1","max-image-preview":"max-image-preview:large","max-video-preview":"max-video-preview:-1"},"canonical":"https:\/\/inosca.ch\/fr\/","og_locale":"fr_FR","og_type":"article","og_title":"Home - Inosca","og_description":"inosca Communaut\u00e9 de d\u00e9veloppement intercantonale pour les processus d&#8217;autorisation \u00e9lectronique GitHub Contact Qu&#8217;est-ce que inosca ? inosca (in= innovation, os= open source, ca= canton) est l&#8217;association des cantons d&#8217;Uri, de Schwyz, de Soleure, de Berne, des Grisons et d&#8217;Argovie. Nous poursuivons ensemble l&#8217;objectif de standardiser les processus d&#8217;autorisation \u00e9lectronique au niveau intercantonal par le biais&hellip;","og_url":"https:\/\/inosca.ch\/fr\/","og_site_name":"Inosca","article_modified_time":"2025-01-13T10:46:06+00:00","og_image":[{"url":"https:\/\/inosca.ch\/wp-content\/uploads\/sites\/15\/2022\/11\/Screenshot-from-2021-06-01-10-42-04.png"}],"twitter_card":"summary_large_image","schema":{"@context":"https:\/\/schema.org","@graph":[{"@type":"WebPage","@id":"https:\/\/inosca.ch\/fr\/","url":"https:\/\/inosca.ch\/fr\/","name":"Home - Inosca","isPartOf":{"@id":"https:\/\/inosca.ch\/#website"},"primaryImageOfPage":{"@id":"https:\/\/inosca.ch\/fr\/#primaryimage"},"image":{"@id":"https:\/\/inosca.ch\/fr\/#primaryimage"},"thumbnailUrl":"https:\/\/inosca.ch\/wp-content\/uploads\/sites\/15\/2022\/11\/Screenshot-from-2021-06-01-10-42-04.png","datePublished":"2023-05-01T14:49:18+00:00","dateModified":"2025-01-13T10:46:06+00:00","breadcrumb":{"@id":"https:\/\/inosca.ch\/fr\/#breadcrumb"},"inLanguage":"fr-FR","potentialAction":[{"@type":"ReadAction","target":["https:\/\/inosca.ch\/fr\/"]}]},{"@type":"ImageObject","inLanguage":"fr-FR","@id":"https:\/\/inosca.ch\/fr\/#primaryimage","url":"https:\/\/inosca.ch\/wp-content\/uploads\/sites\/15\/2022\/11\/Screenshot-from-2021-06-01-10-42-04.png","contentUrl":"https:\/\/inosca.ch\/wp-content\/uploads\/sites\/15\/2022\/11\/Screenshot-from-2021-06-01-10-42-04.png"},{"@type":"BreadcrumbList","@id":"https:\/\/inosca.ch\/fr\/#breadcrumb","itemListElement":[{"@type":"ListItem","position":1,"name":"Home","item":"https:\/\/inosca.ch\/fr\/"},{"@type":"ListItem","position":2,"name":"Home"}]},{"@type":"WebSite","@id":"https:\/\/inosca.ch\/#website","url":"https:\/\/inosca.ch\/","name":"Inosca","description":"Interkantonale Entwicklungsgemeinschaft f\u00fcr elekronische Bewilligungsprozesse.","potentialAction":[{"@type":"SearchAction","target":{"@type":"EntryPoint","urlTemplate":"https:\/\/inosca.ch\/?s={search_term_string}"},"query-input":"required name=search_term_string"}],"inLanguage":"fr-FR"}]}},"_links":{"self":[{"href":"https:\/\/inosca.ch\/fr\/wp-json\/wp\/v2\/pages\/493"}],"collection":[{"href":"https:\/\/inosca.ch\/fr\/wp-json\/wp\/v2\/pages"}],"about":[{"href":"https:\/\/inosca.ch\/fr\/wp-json\/wp\/v2\/types\/page"}],"author":[{"embeddable":true,"href":"https:\/\/inosca.ch\/fr\/wp-json\/wp\/v2\/users\/31"}],"replies":[{"embeddable":true,"href":"https:\/\/inosca.ch\/fr\/wp-json\/wp\/v2\/comments?post=493"}],"version-history":[{"count":9,"href":"https:\/\/inosca.ch\/fr\/wp-json\/wp\/v2\/pages\/493\/revisions"}],"predecessor-version":[{"id":530,"href":"https:\/\/inosca.ch\/fr\/wp-json\/wp\/v2\/pages\/493\/revisions\/530"}],"wp:attachment":[{"href":"https:\/\/inosca.ch\/fr\/wp-json\/wp\/v2\/media?parent=493"}],"curies":[{"name":"wp","href":"https:\/\/api.w.org\/{rel}","templated":true}]}}